{"id":221,"date":"2020-03-04T12:05:22","date_gmt":"2020-03-04T11:05:22","guid":{"rendered":"http:\/\/wolff-projektentwicklung.de\/2020\/?page_id=221"},"modified":"2020-03-11T12:39:10","modified_gmt":"2020-03-11T11:39:10","slug":"agb","status":"publish","type":"page","link":"http:\/\/wolff-projektentwicklung.de\/2020\/agb\/","title":{"rendered":"AGB"},"content":{"rendered":"\t\t<div data-elementor-type=\"wp-page\" data-elementor-id=\"221\" class=\"elementor elementor-221\" data-elementor-settings=\"[]\">\n\t\t\t\t\t\t<div class=\"elementor-inner\">\n\t\t\t\t\t\t\t<div class=\"elementor-section-wrap\">\n\t\t\t\t\t\t\t<section class=\"elementor-section elementor-top-section elementor-element elementor-element-4bdea55c elementor-section-boxed elementor-section-height-default elementor-section-height-default\" data-id=\"4bdea55c\" data-element_type=\"section\">\n\t\t\t\t\t\t<div class=\"elementor-container elementor-column-gap-default\">\n\t\t\t\t\t\t\t<div class=\"elementor-row\">\n\t\t\t\t\t<div class=\"elementor-column elementor-col-100 elementor-top-column elementor-element elementor-element-2ba4f637\" data-id=\"2ba4f637\" data-element_type=\"column\">\n\t\t\t<div class=\"elementor-column-wrap elementor-element-populated\">\n\t\t\t\t\t\t\t<div class=\"elementor-widget-wrap\">\n\t\t\t\t\t\t<div class=\"elementor-element elementor-element-72a27c2c elementor-widget elementor-widget-text-editor\" data-id=\"72a27c2c\" data-element_type=\"widget\" data-widget_type=\"text-editor.default\">\n\t\t\t\t<div class=\"elementor-widget-container\">\n\t\t\t\t\t\t\t\t<div class=\"elementor-text-editor elementor-clearfix\">\n\t\t\t\t<!-- wp:heading -->\r\n<h1>\u00a0<\/h1>\r\n<h1>\u00a0<\/h1>\r\n<h1 class=\"page-title kl-blog-page-title\">AGB<\/h1>\r\n<div class=\"itemBody kl-blog-page-body\">\r\n<p>&nbsp;<\/p>\r\n<p>&nbsp;<\/p>\r\n<\/div>\r\n<!-- \/wp:heading -->\t\t\t\t\t<\/div>\n\t\t\t\t\t\t<\/div>\n\t\t\t\t<\/div>\n\t\t\t\t\t\t<\/div>\n\t\t\t\t\t<\/div>\n\t\t<\/div>\n\t\t\t\t\t\t\t\t<\/div>\n\t\t\t\t\t<\/div>\n\t\t<\/section>\n\t\t\t\t<section class=\"elementor-section elementor-top-section elementor-element elementor-element-ebab661 elementor-section-boxed elementor-section-height-default elementor-section-height-default\" data-id=\"ebab661\" data-element_type=\"section\">\n\t\t\t\t\t\t<div class=\"elementor-container elementor-column-gap-default\">\n\t\t\t\t\t\t\t<div class=\"elementor-row\">\n\t\t\t\t\t<div class=\"elementor-column elementor-col-100 elementor-top-column elementor-element elementor-element-4699e15\" data-id=\"4699e15\" data-element_type=\"column\">\n\t\t\t<div class=\"elementor-column-wrap elementor-element-populated\">\n\t\t\t\t\t\t\t<div class=\"elementor-widget-wrap\">\n\t\t\t\t\t\t<div class=\"elementor-element elementor-element-8ef6264 elementor-widget elementor-widget-text-editor\" data-id=\"8ef6264\" data-element_type=\"widget\" data-widget_type=\"text-editor.default\">\n\t\t\t\t<div class=\"elementor-widget-container\">\n\t\t\t\t\t\t\t\t<div class=\"elementor-text-editor elementor-clearfix\">\n\t\t\t\t<header>\n<h1 class=\"pagetitle\"><br><\/h1>\n<\/header>\n<article class=\"page-entry\">\n<p>Gesch\u00e4ftsbedingungen<br>1. Die Angebotsangaben basieren auf den uns erteilten Informationen. Eine Haftung f\u00fcr deren Richtigkeit und Vollst\u00e4ndigkeit k\u00f6nnen wir deshalb nicht \u00fcbernehmen.<br>2. Alle unsere Angebote sind vertraulich zu behandeln. Kommt infolge unbefugter Weitergabe oder Eigenmacht ein Vertrag mit dem nachgewiesenen Objekteigent\u00fcmer zustande, sind Sie verpflichtet, uns den Schaden in H\u00f6he der entgangenen Provision zu ersetzen.<br>3. Wird Ihnen ein von uns angebotenes Objekt sp\u00e4ter direkt oder \u00fcber Dritte noch einmal angeboten, sind Sie anderseits verpflichtet, dem Anbieter gegen\u00fcber die durch uns erlangte Vorkenntnis geltend zu machen und etwaige Maklerdienste Dritter bez\u00fcglich unserer Objekte abzulehnen.<br>4. Ein Provisionsanspruch entsteht f\u00fcr uns auch dann, wenn der Vertrag zu Bedingungen abgeschlossen wurde, die von unserem Angebot abweichen oder der angestrebte wirtschaftliche Erfolg durch einen anderen Vertrag oder durch Zuschlag bei einer Zwangsversteigerung erreicht wird.<\/p>\n<p>Courtage\u00fcbersicht:<\/p>\n<p>5,95 % bis 7,14% des Kaufpreises (incl. gesetzl. MwSt).<\/p>\n<\/article>\t\t\t\t\t<\/div>\n\t\t\t\t\t\t<\/div>\n\t\t\t\t<\/div>\n\t\t\t\t\t\t<\/div>\n\t\t\t\t\t<\/div>\n\t\t<\/div>\n\t\t\t\t\t\t\t\t<\/div>\n\t\t\t\t\t<\/div>\n\t\t<\/section>\n\t\t\t\t\t\t<\/div>\n\t\t\t\t\t\t<\/div>\n\t\t\t\t\t<\/div>\n\t\t","protected":false},"excerpt":{"rendered":"<p>\u00a0 \u00a0 AGB &nbsp; &nbsp; Gesch\u00e4ftsbedingungen1. Die Angebotsangaben basieren auf den uns erteilten Informationen. Eine Haftung f\u00fcr deren Richtigkeit und Vollst\u00e4ndigkeit k\u00f6nnen wir deshalb nicht \u00fcbernehmen.2. Alle unsere Angebote sind vertraulich zu behandeln. Kommt infolge unbefugter Weitergabe oder Eigenmacht ein Vertrag mit dem nachgewiesenen Objekteigent\u00fcmer zustande, sind Sie verpflichtet, uns den Schaden in H\u00f6he der [&hellip;]<\/p>\n","protected":false},"author":1,"featured_media":0,"parent":0,"menu_order":0,"comment_status":"closed","ping_status":"open","template":"","meta":[],"_links":{"self":[{"href":"http:\/\/wolff-projektentwicklung.de\/2020\/wp-json\/wp\/v2\/pages\/221"}],"collection":[{"href":"http:\/\/wolff-projektentwicklung.de\/2020\/wp-json\/wp\/v2\/pages"}],"about":[{"href":"http:\/\/wolff-projektentwicklung.de\/2020\/wp-json\/wp\/v2\/types\/page"}],"author":[{"embeddable":true,"href":"http:\/\/wolff-projektentwicklung.de\/2020\/wp-json\/wp\/v2\/users\/1"}],"replies":[{"embeddable":true,"href":"http:\/\/wolff-projektentwicklung.de\/2020\/wp-json\/wp\/v2\/comments?post=221"}],"version-history":[{"count":3,"href":"http:\/\/wolff-projektentwicklung.de\/2020\/wp-json\/wp\/v2\/pages\/221\/revisions"}],"predecessor-version":[{"id":247,"href":"http:\/\/wolff-projektentwicklung.de\/2020\/wp-json\/wp\/v2\/pages\/221\/revisions\/247"}],"wp:attachment":[{"href":"http:\/\/wolff-projektentwicklung.de\/2020\/wp-json\/wp\/v2\/media?parent=221"}],"curies":[{"name":"wp","href":"https:\/\/api.w.org\/{rel}","templated":true}]}}